{"id":69,"date":"2013-07-09T13:00:10","date_gmt":"2013-07-09T13:00:10","guid":{"rendered":"http:\/\/core-loc.com\/spanish\/faq\/"},"modified":"2020-07-07T07:32:46","modified_gmt":"2020-07-07T07:32:46","slug":"faq","status":"publish","type":"page","link":"https:\/\/core-loc.com\/spanish\/faq\/","title":{"rendered":"Preguntas Frecuentes"},"content":{"rendered":"<p align=\"justify\"><span style=\"font-family: Verdana; font-size: small;\"><b>\u00bfEs el Core-loc<sup>\u00ae<\/sup> &#8220;la mejor&#8221; unidad de coraza para todas las aplicaciones? \u00a0\u00a0 <\/b><\/span><\/p>\n<p align=\"justify\"><span style=\"font-family: Verdana; font-size: small;\">Actualmente el Core-loc representa\u00a0un uso eficiente del concreto para unidades de coraza de rompeolas.\u00a0 Esto se debe a la optimizaci\u00f3n de la densidad de capa que lo hace, en este sentido, la mejor unidad.\u00a0 Algunas aplicaciones pueden requerir de unidades muy grandes (como cubos mayores a 100 t requeridos en Sines, Portugal) o estar propensos a condiciones constructivas indeseables o inapropiadas, lo que representar\u00eda una limitaci\u00f3n pr\u00e1ctica de la aplicaci\u00f3n del Core-loc.\u00a0 Si Ud. no est\u00e1 seguro de la factibilidad del uso del Core-loc para un proyecto espec\u00edfico, <a href=\"https:\/\/core-loc.com\/spanish\/contact-us\/\" target=\"_self\" rel=\"noopener noreferrer\"> cont\u00e1ctenos<\/a> con detalles del proyecto para una asesor\u00eda <\/span><\/p>\n<p align=\"justify\"><span style=\"font-family: Verdana; font-size: small;\"><b> \u00bfEs m\u00e1s importante lograr la colocaci\u00f3n correcta de unidades para corazas de una capa respecto de las de dos capas? <\/b><\/span><\/p>\n<p align=\"justify\"><span style=\"font-family: Verdana; font-size: small;\">Si. Mientras los conceptos detr\u00e1s de los rompeolas de roca esencialmente se han mantenido en el tiempo y por muchos a\u00f1os, los avances en posicionamiento e instrumentos de medici\u00f3n actualmente permiten un control m\u00e1s efectivo de la colocaci\u00f3n y registro del posicionamiento de las unidades.\u00a0\u00a0Tambi\u00e9n se debe tener en cuenta que se deben colocar menos unidades en una coraza de una capa que en dos.\u00a0 De esta forma se puede dedicar m\u00e1s tiempo en asegurar la correcta colocaci\u00f3n de los Core-loc, y sin aumentar el tiempo total de construcci\u00f3n. <\/span><\/p>\n<p align=\"justify\"><span style=\"font-family: Verdana; font-size: small;\"><b>\u00bfCu\u00e1les son las ventajas de usar Core-loc<sup>\u00ae<\/sup>? <\/b> <\/span><\/p>\n<blockquote dir=\"ltr\">\n<ul dir=\"ltr\">\n<li>\n<div align=\"justify\"><span style=\"font-family: Verdana; font-size: small;\">Ahorros de costos significativos respecto de otras unidades, debido a una coraza con unidades robustas con casi cero costo de mantenimiento.<br \/><\/span><\/div>\n<\/li>\n<li>\n<div align=\"justify\"><span style=\"font-family: Verdana; font-size: small;\">T\u00edpicamente, representa un ahorro de costos de entre un 20% a un 40%, comparado con unidades de doble capa.<br \/><\/span><\/div>\n<\/li>\n<li>\n<div align=\"justify\"><span style=\"font-family: Verdana; font-size: small;\">Se deben fabricar y almacenar menos unidades (menor cantidad de moldes o cimbras y menor espacio de almacenamiento).<br \/><\/span><\/div>\n<\/li>\n<li>\n<div align=\"justify\"><span style=\"font-family: Verdana; font-size: small;\">Asistencia t\u00e9cnica directa del licenciatario (CLNA).<br \/><\/span><\/div>\n<\/li>\n<li><span style=\"font-family: Verdana; font-size: small;\">Asistencia con control de calidad.<\/span><\/li>\n<\/ul>\n<p dir=\"ltr\" align=\"justify\"><span style=\"font-family: Verdana; font-size: small;\">\u00a0<\/span><\/p>\n<\/blockquote>\n<p dir=\"ltr\" align=\"justify\"><span style=\"font-family: Verdana; font-size: small;\"><b>\u00bfCu\u00e1ntos rompeolas se han constru\u00eddo con unidades de Core-Loc<sup>\u00ae<\/sup>? <\/b> <\/span><\/p>\n<p align=\"justify\"><span style=\"font-family: Verdana; font-size: small;\">Aproximadamente 19 rompeolas en el mundo. <\/span><\/p>\n<p align=\"justify\"><span style=\"font-family: Verdana; font-size: small;\"><b>\u00bfCorazas de una capa representan un mayor riesgo de falla respecto de las de dos capas? <\/b> <\/span><\/p>\n<p align=\"justify\"><span style=\"font-family: Verdana; font-size: small;\">No.\u00a0 Si se utiliza el mismo volumen de hormig\u00f3n para una capa que la propuesta para una de dos capas, la coraza de una capa ser\u00e1 m\u00e1s estable por el mayor peso de las unidades respecto de las unidades que se usar\u00edan en dos capas. <\/span><\/p>\n<p align=\"justify\"><span style=\"font-family: Verdana; font-size: small;\"><b>\u00bfCu\u00e1les con los valores t\u00edpicos de la regal\u00eda? <\/b> <\/span><\/p>\n<p align=\"justify\"><span style=\"font-family: Verdana; font-size: small;\">Para obtener el valor de las regal\u00edas, contacte directamente al licenciatario correspondiente, en este caso, Core-loc North America (detalles en <a href=\"https:\/\/core-loc.com\/spanish\/contact-us\/\" target=\"_self\" rel=\"noopener noreferrer\">contactos<\/a>).<\/span><\/p>\n<p align=\"justify\"><span style=\"font-family: Verdana; font-size: small;\"><br \/><b>\u00bfQu\u00e9 medidas de control de calidad son entregadas? <\/b> <\/span><\/p>\n<p align=\"justify\"><span style=\"font-family: Verdana; font-size: small;\">Las especificaciones t\u00e9cnicas pr\u00e1cticas ya establecidas proveen el respaldo necesario para un adecuado control de calidad.\u00a0 La experiencia en aplicaciones de Core-loc es compartida entre los proyectos de Core-loc, y proveen una constante\u00a0 actualizaci\u00f3n en soluciones pr\u00e1cticas para el desaf\u00edo de enfrentar la construcci\u00f3n de corazas de una capa.\u00a0 El valor de &#8220;haber estado ah\u00ed&#8221; y que otorga el largo camino de la experiencia, permiten asegurar que la calidad se puede alcanzar de una forma pr\u00e1ctica. <\/span><\/p>\n<p align=\"justify\"><span style=\"font-family: Verdana; font-size: small;\"><br \/><b>\u00bfA qui\u00e9n pertenece la patente de Core-loc<sup>\u00ae<\/sup>? <\/b> <\/span><\/p>\n<p align=\"justify\"><span style=\"font-family: Verdana; font-size: small;\">La patente pertenece al Cuerpo de Ingenieros de los EE.UU. (U.S. Army Corps of Engineers).\u00a0 Core-loc Africa (CLA) es el licenciatario para regiones de Africa. Core-loc North America (CLNA) mantiene la licencia para EE.UU. Canad\u00e1 y M\u00e9xico.\u00a0 Ambos, CLA y CLNA est\u00e1n asociados con los consultores Prestedge Retief Dresner Wijnberg. <\/span><\/p>\n<p align=\"justify\"><span style=\"font-family: Verdana; font-size: small;\"><b>\u00bfCu\u00e1les son los pasos que debo seguir si es que deseo utilizar Core Loc<sup>\u00ae<\/sup>? <\/b> <\/span><\/p>\n<p align=\"justify\"><span style=\"font-family: Verdana; font-size: small;\">Contacte a CLNA con la siguiente informaci\u00f3n: <\/span><\/p>\n<blockquote dir=\"ltr\">\n<ul>\n<li><span style=\"font-family: Verdana; font-size: small;\">Ubicaci\u00f3n y prop\u00f3sito de la estructura <\/span><\/li>\n<li><span style=\"font-family: Verdana; font-size: small;\">Profundidad al pie de la estructura<\/span><\/li>\n<li><span style=\"font-family: Verdana; font-size: small;\">Clima de oleaje esperado<\/span><\/li>\n<\/ul>\n<\/blockquote>\n<p align=\"justify\"><span style=\"font-family: Verdana; font-size: small;\">CLNA lo asistir\u00e1 con un dise\u00f1o preliminar del tama\u00f1o de las unidades, lo que podr\u00e1 ser utilizado para la estimaci\u00f3n de costos.\u00a0 Si se decide ir adelante con la opci\u00f3n de Core-loc, ser\u00e1 necesario que el dise\u00f1o de detalle sea realizado por un profesional competente.\u00a0 Se recomienda el uso de modelos f\u00edsicos a escala reducida como parte del dise\u00f1o de detalle. <\/span><\/p>\n<p align=\"justify\"><span style=\"font-family: Verdana; font-size: small;\"><b>\u00bfA d\u00f3nde puedo obtener unidades de Core Loc<sup>\u00ae<\/sup> para modelo f\u00edsico?\u00a0 \u00a0<\/b> <\/span><\/p>\n<p align=\"justify\"><span style=\"font-family: Verdana; font-size: small;\">El due\u00f1o de la patente y sus licenciatarios mantienen un stock de unidades disponibles.\u00a0 Las unidades generalmente pueden ser arrendadas. Se pueden fabricar unidades <span style=\"font-family: Verdana; font-size: small;\">nuevas <\/span>seg\u00fan est\u00e1ndares dentro de un tiempo relativamente corto.\u00a0 Mayor informaci\u00f3n sobre arriendo y\/o fabricaci\u00f3n de unidades puede ser entregada seg\u00fan requerimiento.<\/span><\/p>\n<p align=\"justify\"><span style=\"font-family: Verdana; font-size: small;\"><b>\u00bfCu\u00e1les con los costos t\u00edpicos de construcci\u00f3n?<\/b><\/span><\/p>\n<p align=\"justify\"><span style=\"font-family: Verdana; font-size: small;\">Es dif\u00edcil proporcionar una gu\u00eda general de costos.\u00a0 La magnitud, ubicaci\u00f3n y funcionalidad <span style=\"font-family: Verdana; font-size: small;\">del proyecto<\/span> pueden afectar el costo unitario de manera significativa.\u00a0 Para nuevos rompeolas, el costo de roca de cantera (si la hubiera) por razones de tama\u00f1o, es probablemente superior al del concreto u hormig\u00f3n de las unidades de coraza.\u00a0 Se podr\u00e1n proporcionar costos t\u00edpicos de construcci\u00f3n basados en proyectos previos, si es que son semejantes al proyecto en cuesti\u00f3n. \u00a0\u00a0 \u00a0 <\/span><\/p>\n<p align=\"justify\"><span style=\"font-family: Verdana; font-size: small;\"><b>\u00bfQu\u00e9 apoyo se obtiene de Core-loc North America?<\/b>\u00a0 \u00a0 <\/span><\/p>\n<p align=\"justify\"><span style=\"font-family: Verdana; font-size: small;\">El siguiente apoyo se incluye como parte del acuerdo est\u00e1ndar de la licencia:\u00a0\u00a0\u00a0\u00a0\u00a0\u00a0\u00a0\u00a0\u00a0\u00a0\u00a0\u00a0<\/span><\/p>\n<blockquote dir=\"ltr\">\n<ul>\n<li><span style=\"font-family: Verdana; font-size: small;\">Dise\u00f1o Preliminar<\/span><\/li>\n<li><span style=\"font-family: Verdana; font-size: small;\">Entrega de especificaciones t\u00e9cnicas est\u00e1ndares<\/span><\/li>\n<li><span style=\"font-family: Verdana; font-size: small;\">Cotizaci\u00f3n de fabricaci\u00f3n de moldes o cimbras <\/span><\/li>\n<li><span style=\"font-family: Verdana; font-size: small;\">Asistencia en ensayos de modelo f\u00edsico <\/span><\/li>\n<li><span style=\"font-family: Verdana; font-size: small;\">Asistencia <\/span><span style=\"font-size: small;\">y<\/span><span style=\"font-family: Verdana; font-size: small;\"> evaluaci\u00f3n de la fabricaci\u00f3n y colocaci\u00f3n de las unidades de Core-locs\u00a0\u00a0\u00a0 <\/span><\/li>\n<\/ul>\n<\/blockquote>\n<p align=\"justify\"><span style=\"font-family: Verdana; font-size: small;\"><b>\u00bfQu\u00e9 requerimientos se aplican en la especificaci\u00f3n de Core-loc<sup>\u00ae<\/sup> en las especificaciones t\u00e9cnicas?<\/b><\/span><\/p>\n<p align=\"justify\"><span style=\"font-family: Verdana; font-size: small;\">CLNA necesita aprobar el dise\u00f1o preliminar y final para asegurar la aplicaci\u00f3n adecuada de las unidades. Los documentos de la propuesta o llamado a licitaci\u00f3n tambi\u00e9n deben hacer menci\u00f3n de las condiciones est\u00e1ndares de la Licencia, que entregan las bases del uso del Core-loc.\u00a0 Adem\u00e1s es necesario que el mandante, o contratista responsable de la construcci\u00f3n del proyecto, obtenga un subcontrato de la licencia para que se le permita fabricar las unidades.\u00a0 Esto se debe incluir en la propuesta y contrato de construcci\u00f3n, para lo cual se entregar\u00e1 una copia de este subcontrato de licencia a pedido. \u00a0 <\/span><\/p>\n<p align=\"justify\"><span style=\"font-family: Verdana; font-size: small;\"><b>\u00bfA qui\u00e9n debo contactar?\u00a0<\/b> \u00a0 <\/span><\/p>\n<p align=\"justify\"><span style=\"font-family: Verdana; font-size: small;\">Gordon Prestedge ( <a href=\"mailto:gprestedge@prdw.co.za\">gprestedge@prdw.com<\/a>)<\/span><\/p>\n<p align=\"justify\"><span style=\"font-family: Verdana; font-size: small;\">Anton Holtzhausen (<a href=\"mailto:amcclarty@prdw.co.za\"><span style=\"color: blue; font-family: Verdana;\">aholtzhausen@prdw.com<\/span><\/a>)<\/span><\/p>\n\n\n<p><\/p>\n","protected":false},"excerpt":{"rendered":"<p>\u00bfEs el Core-loc\u00ae &#8220;la mejor&#8221; unidad de coraza para todas las aplicaciones? \u00a0\u00a0 Actualmente el Core-loc representa\u00a0un uso eficiente del concreto para unidades de coraza de rompeolas.\u00a0 Esto se debe a la optimizaci\u00f3n de la densidad de capa que lo hace, en este sentido, la mejor unidad.\u00a0 Algunas aplicaciones pueden requerir de unidades muy grandes [&hellip;]<\/p>\n","protected":false},"author":2,"featured_media":0,"parent":0,"menu_order":11,"comment_status":"closed","ping_status":"closed","template":"","meta":{"footnotes":""},"_links":{"self":[{"href":"https:\/\/core-loc.com\/spanish\/wp-json\/wp\/v2\/pages\/69"}],"collection":[{"href":"https:\/\/core-loc.com\/spanish\/wp-json\/wp\/v2\/pages"}],"about":[{"href":"https:\/\/core-loc.com\/spanish\/wp-json\/wp\/v2\/types\/page"}],"author":[{"embeddable":true,"href":"https:\/\/core-loc.com\/spanish\/wp-json\/wp\/v2\/users\/2"}],"replies":[{"embeddable":true,"href":"https:\/\/core-loc.com\/spanish\/wp-json\/wp\/v2\/comments?post=69"}],"version-history":[{"count":7,"href":"https:\/\/core-loc.com\/spanish\/wp-json\/wp\/v2\/pages\/69\/revisions"}],"predecessor-version":[{"id":172,"href":"https:\/\/core-loc.com\/spanish\/wp-json\/wp\/v2\/pages\/69\/revisions\/172"}],"wp:attachment":[{"href":"https:\/\/core-loc.com\/spanish\/wp-json\/wp\/v2\/media?parent=69"}],"curies":[{"name":"wp","href":"https:\/\/api.w.org\/{rel}","templated":true}]}}