{"id":65,"date":"2013-07-09T13:00:06","date_gmt":"2013-07-09T13:00:06","guid":{"rendered":"http:\/\/core-loc.com\/spanish\/design-calculations\/"},"modified":"2020-07-07T07:29:55","modified_gmt":"2020-07-07T07:29:55","slug":"design-calculations","status":"publish","type":"page","link":"https:\/\/core-loc.com\/spanish\/design-calculations\/","title":{"rendered":"Dise\u00f1o del Core-loc"},"content":{"rendered":"<p align=\"justify\"><span style=\"font-family: Verdana; font-size: small;\">Estos c\u00e1lculos sirven como ayuda para el dise\u00f1o preliminar y asistencia para determinar par\u00e1metros relevantes aplicables en el dise\u00f1o de rompeolas.\u00a0 Los m\u00e9todos de c\u00e1lculo est\u00e1n dirigidos a posibles usuarios de Core-loc de manera de entregarles una herramienta para estimar el tama\u00f1o t\u00edpico y n\u00famero de unidades requeridas en la estructura de un rompeolas. Las rutinas de c\u00e1lculo no deben ser usadas para el dise\u00f1o de detalle. El dise\u00f1o de detalle necesitan hacerlo ingenieros especializados en el \u00e1rea de dise\u00f1o de rompeolas.Se recomienda realizar estudios en modelo f\u00edsico como parte del dise\u00f1o de detalle, para definir las condiciones espec\u00edficas del proyecto.<\/span><\/p>\n<p align=\"justify\"><span style=\"font-family: Verdana; font-size: small;\">Se otorgar\u00e1 la autorizaci\u00f3n para el uso de las unidades Core-loc en un proyecto determinado, s\u00f3lo si se demuestra al licenciatario la competencia del dise\u00f1o. <\/span><\/p>\n<p align=\"justify\"><span style=\"font-family: Verdana; font-size: small;\">Soporte y asistencia t\u00e9cnica \u00a0para proyectos espec\u00edficos pueden ser obtenidos contactando a Core-loc North America:\u00a0 <\/span><a href=\"mailto:gprestedge@prdw.com\"> <span style=\"font-family: Verdana; font-size: small;\">gprestedge@prdw.com<\/span><\/a>\u00a0o <span style=\"font-family: Verdana; font-size: small;\"><a href=\"mailto:aholtzhausen@prdw.co.za\">aholtzhausen@prdw.com.<\/a><\/span><\/p>\n<p align=\"justify\"><span style=\"font-family: Verdana; font-size: small;\">Se debe considerar que no se puede garantizar ni asegurar que las ayudas para el dise\u00f1o preliminar entregadas en \u00e9ste sitio web, sean aplicables en condiciones espec\u00edficas dadas. De acuerdo a lo anterior, se aplican las siguientes descargos de responsabilidad: <\/span><\/p>\n<p align=\"justify\"><span style=\"font-family: Verdana; font-size: small;\"><span style=\"font-family: Verdana; font-size: small;\">LIMITE DE RESPONSABILIDAD<\/span><\/span><\/p>\n<p align=\"justify\"><span style=\"font-family: Verdana; font-size: small;\">Los c\u00e1lculos se proporcionan sin garant\u00eda de ninguna especie, expl\u00edcita o impl\u00edcita, incluyendo pero no limitada a, las garant\u00edas impl\u00edcitas de comercializaci\u00f3n y conveniencia para un prop\u00f3sito particular, si los c\u00e1lculos fueran incorrectos, el usuario asumir\u00e1 los costos de los da\u00f1os resultantes. En ning\u00fan caso Core-loc North America ser\u00e1 responsable por da\u00f1os, incluyendo cualquiera de tipo circunstancial, general, especial o consecuente, derivado del uso de tales c\u00e1lculos. <\/span><\/p>\n","protected":false},"excerpt":{"rendered":"<p>Estos c\u00e1lculos sirven como ayuda para el dise\u00f1o preliminar y asistencia para determinar par\u00e1metros relevantes aplicables en el dise\u00f1o de rompeolas.\u00a0 Los m\u00e9todos de c\u00e1lculo est\u00e1n dirigidos a posibles usuarios de Core-loc de manera de entregarles una herramienta para estimar el tama\u00f1o t\u00edpico y n\u00famero de unidades requeridas en la estructura de un rompeolas. Las [&hellip;]<\/p>\n","protected":false},"author":2,"featured_media":0,"parent":0,"menu_order":7,"comment_status":"closed","ping_status":"closed","template":"","meta":{"footnotes":""},"_links":{"self":[{"href":"https:\/\/core-loc.com\/spanish\/wp-json\/wp\/v2\/pages\/65"}],"collection":[{"href":"https:\/\/core-loc.com\/spanish\/wp-json\/wp\/v2\/pages"}],"about":[{"href":"https:\/\/core-loc.com\/spanish\/wp-json\/wp\/v2\/types\/page"}],"author":[{"embeddable":true,"href":"https:\/\/core-loc.com\/spanish\/wp-json\/wp\/v2\/users\/2"}],"replies":[{"embeddable":true,"href":"https:\/\/core-loc.com\/spanish\/wp-json\/wp\/v2\/comments?post=65"}],"version-history":[{"count":6,"href":"https:\/\/core-loc.com\/spanish\/wp-json\/wp\/v2\/pages\/65\/revisions"}],"predecessor-version":[{"id":169,"href":"https:\/\/core-loc.com\/spanish\/wp-json\/wp\/v2\/pages\/65\/revisions\/169"}],"wp:attachment":[{"href":"https:\/\/core-loc.com\/spanish\/wp-json\/wp\/v2\/media?parent=65"}],"curies":[{"name":"wp","href":"https:\/\/api.w.org\/{rel}","templated":true}]}}