{"id":63,"date":"2013-07-09T13:00:04","date_gmt":"2013-07-09T13:00:04","guid":{"rendered":"http:\/\/core-loc.com\/spanish\/armour-unit-comparisons\/"},"modified":"2013-07-09T13:31:39","modified_gmt":"2013-07-09T13:31:39","slug":"armour-unit-comparisons","status":"publish","type":"page","link":"https:\/\/core-loc.com\/spanish\/armour-unit-comparisons\/","title":{"rendered":"Comparaciones"},"content":{"rendered":"<p><span style=\"font-family: Verdana; font-size: small;\">Comparaci\u00f3n entre Unidades de Coraza<\/span><\/p>\n<p><span style=\"font-family: Verdana; font-size: small;\"><b>Ventajas Econ\u00f3micas<\/b><\/span><\/p>\n<p align=\"justify\"><span style=\"font-family: Verdana; font-size: small;\">Investigaciones y publicaciones han demostrado que el Core-loc ofrece mejoras en estabilidad sobre\u00a0otras unidades de coraza, permitiendo que una sola capa de unidades cuente con mayor estabilidad y costos menores en muchas aplicaciones.<\/span><\/p>\n<p align=\"justify\"><span style=\"font-family: Verdana; font-size: small;\">La tabla siguiente indica los costos de varias unidades de coraza relativas al \u00a0Core-loc.\u00a0\u00a0La regal\u00eda fue inclu\u00edda en el costo del Core-loc para\u00a0esta comparaci\u00f3n:<br \/>\n<\/span><\/p>\n<p align=\"center\"><span style=\"font-family: Verdana; font-size: small;\">Tabla 1: Costos de diferentes unidades de corazas relativas al Core-loc.<\/span><\/p>\n<p align=\"center\">\n<div align=\"center\"><center><\/p>\n<table border=\"1\" cellspacing=\"0\" cellpadding=\"3\">\n<tbody>\n<tr>\n<td align=\"center\"><span style=\"font-family: Verdana; font-size: small;\">Core-loc<\/span><\/td>\n<td align=\"center\"><span style=\"font-family: Verdana; font-size: small;\">Accropode<\/span><\/td>\n<td align=\"center\"><span style=\"font-family: Verdana; font-size: small;\">Dolos<\/span><\/td>\n<td align=\"center\"><span style=\"font-family: Verdana; font-size: small;\">Tetrapod<\/span><\/td>\n<td align=\"center\"><span style=\"font-family: Verdana; font-size: small;\">Cube<\/span><\/td>\n<\/tr>\n<tr>\n<td align=\"center\"><span style=\"font-family: Verdana; font-size: small;\">100%<\/span><\/td>\n<td align=\"center\"><span style=\"font-family: Verdana; font-size: small;\">123%<\/span><\/td>\n<td align=\"center\"><span style=\"font-family: Verdana; font-size: small;\">135%<\/span><\/td>\n<td align=\"center\"><span style=\"font-family: Verdana; font-size: small;\">235%<\/span><\/td>\n<td align=\"center\"><span style=\"font-family: Verdana; font-size: small;\">247%<\/span><\/td>\n<\/tr>\n<\/tbody>\n<\/table>\n<p><\/center><\/div>\n<p align=\"justify\"><span style=\"font-family: Verdana; font-size: small;\">Como complemento al ahorro producido al usar Core-loc, el proyecto se beneficia por el respaldo t\u00e9cnico y control de calidad que entrega el licenciatario de la licencia (CLNA) y el due\u00f1o de la patente (CHL).<\/span><\/p>\n<p><b><span style=\"font-family: Verdana; font-size: small;\">Filosof\u00eda del dise\u00f1o<\/span><\/b><\/p>\n<p align=\"justify\"><span style=\"font-family: Verdana; font-size: small;\">La filosof\u00eda del dise\u00f1o de Core-loc se basa en el uso de una \u00a0sola capa de unidades.\u00a0 Unidades esbeltas con buena trabaz\u00f3n y alto indice de huecos como el dolosse, son m\u00e1s livianos y utilizan menor cantidad de hormig\u00f3n que un cubo de estabilidad equivalente.\u00a0 Sin embargo los dolos necesitan ser colocados en dos capas para permitir compensar la rotura y reacomodo de algunas unidades.\u00a0 Por otro lado, los cubos son m\u00e1s resistentes como unidad pero necesitan ser m\u00e1s pesados debido a su bajo \u00edndice de trabaz\u00f3n.\u00a0 El Core-loc fue concebido para beneficiarse de ambas caracter\u00edsticas, buena trabaz\u00f3n y la resistencia intr\u00ednseca de una unidad m\u00e1s compacta.<\/span><\/p>\n<p align=\"justify\"><span style=\"font-family: Verdana; font-size: small;\">El sistema de coraza de &#8220;una capa&#8221;\u00a0a veces es incorrectamente interpretado como menos confiable que los dise\u00f1os de &#8220;doble capa&#8221;.\u00a0 Para comparar la confiabilidad de qu\u00e9 unidades utilizar, se debe considerar el mismo volumen de hormig\u00f3n.Si un sistema de &#8220;doble capa&#8221; utiliza\u00a0el mismo\u00a0volumen de hormig\u00f3n que el de una capa, esto implica que el tama\u00f1o de las unidades debe ser menor para cubrir la misma superficie, aumentando la cantidad de unidades por colocar. Esto significa adem\u00e1s que las unidades, de menor peso y tama\u00f1o, resistir\u00e1n una altura de ola de dise\u00f1o tambi\u00e9n menor. Para ilustrar la importancia de este concepto la siguiente tabla muestra los tama\u00f1os equivalentes y el total de unidades que ser\u00edan necesarias en el rompeolas del puerto de St Francis, Sud\u00e1frica:<\/span><\/p>\n<p align=\"center\"><span style=\"font-family: Verdana; font-size: small;\">\u00a0\u00a0Tabla 2: Comparaci\u00f3n entre unidades de coraza para el mismo volumen total de hormig\u00f3n. Caso Puerto de San Francis.<\/span><\/p>\n<p align=\"center\">\n<div align=\"center\"><center><\/p>\n<table width=\"548\" border=\"1\" cellspacing=\"0\" cellpadding=\"3\">\n<tbody>\n<tr>\n<td width=\"71\" height=\"26\">\n<p align=\"center\"><span style=\"font-family: Verdana; font-size: small;\">Unidad<\/span><\/p>\n<\/td>\n<td width=\"67\" height=\"26\">\n<p align=\"center\"><span style=\"font-family: Verdana; font-size: small;\">Masa (t)<\/span><\/p>\n<\/td>\n<td width=\"99\" height=\"26\">\n<p align=\"center\"><span style=\"font-family: Verdana; font-size: small;\">Cantidad de Unidades<\/span><\/p>\n<\/td>\n<td width=\"92\" height=\"26\">\n<p align=\"center\"><span style=\"font-family: Verdana; font-size: small;\">Masa total de hormig\u00f3n (t)<\/span><\/p>\n<\/td>\n<td width=\"100\" height=\"26\">\n<p align=\"center\"><span style=\"font-family: Verdana; font-size: small;\">Altura de ola de dise\u00f1o (m)<\/span><\/p>\n<\/td>\n<td align=\"center\" width=\"69\"><span style=\"font-family: Verdana; font-size: small;\">Im\u00e1gen 3-D<\/span><\/td>\n<\/tr>\n<tr>\n<td width=\"71\" height=\"93\">\n<p align=\"center\"><span style=\"font-family: Verdana; font-size: small;\">Core-loc<\/span><\/p>\n<\/td>\n<td width=\"67\" height=\"93\">\n<p align=\"center\"><span style=\"font-family: Verdana; font-size: small;\">15<\/span><\/p>\n<\/td>\n<td width=\"99\">\n<div align=\"center\">\n<p align=\"center\"><span style=\"font-family: Verdana; font-size: small;\">800<\/span><\/p>\n<\/div>\n<\/td>\n<td width=\"92\" height=\"93\">\n<p align=\"center\"><span style=\"font-family: Verdana; font-size: small;\">12 000<\/span><\/p>\n<\/td>\n<td width=\"100\" height=\"93\">\n<p align=\"center\"><span style=\"font-family: Verdana; font-size: small;\">7.1<\/span><\/p>\n<\/td>\n<td align=\"center\" width=\"69\"><\/td>\n<\/tr>\n<tr>\n<td width=\"71\" height=\"69\">\n<p align=\"center\"><span style=\"font-family: Verdana; font-size: small;\">Accropodo<\/span><\/p>\n<\/td>\n<td width=\"67\" height=\"69\">\n<p align=\"center\"><span style=\"font-family: Verdana; font-size: small;\">11.8<\/span><\/p>\n<\/td>\n<td width=\"99\" height=\"69\">\n<p align=\"center\"><span style=\"font-family: Verdana; font-size: small;\">1 017<\/span><\/p>\n<\/td>\n<td width=\"92\" height=\"69\">\n<p align=\"center\"><span style=\"font-family: Verdana; font-size: small;\">12 000<\/span><\/p>\n<\/td>\n<td width=\"100\" height=\"69\">\n<p align=\"center\"><span style=\"font-family: Verdana; font-size: small;\">6.0<\/span><\/p>\n<\/td>\n<td align=\"center\" width=\"69\"><\/td>\n<\/tr>\n<tr>\n<td width=\"71\" height=\"73\">\n<p align=\"center\"><span style=\"font-family: Verdana; font-size: small;\">Dolos<\/span><\/p>\n<\/td>\n<td width=\"67\" height=\"73\">\n<p align=\"center\"><span style=\"font-family: Verdana; font-size: small;\">6.3<\/span><\/p>\n<\/td>\n<td width=\"99\" height=\"73\">\n<p align=\"center\"><span style=\"font-family: Verdana; font-size: small;\">1 905<\/span><\/p>\n<\/td>\n<td width=\"92\" height=\"73\">\n<p align=\"center\"><span style=\"font-family: Verdana; font-size: small;\">12 000<\/span><\/p>\n<\/td>\n<td width=\"100\" height=\"73\">\n<p align=\"center\"><span style=\"font-family: Verdana; font-size: small;\">5.1<\/span><\/p>\n<\/td>\n<td align=\"center\" width=\"69\"><\/td>\n<\/tr>\n<tr>\n<td width=\"71\" height=\"60\">\n<p align=\"center\"><span style=\"font-family: Verdana; font-size: small;\">Tetrapodo<\/span><\/p>\n<\/td>\n<td width=\"67\" height=\"60\">\n<p align=\"center\"><span style=\"font-family: Verdana; font-size: small;\">3.2<\/span><\/p>\n<\/td>\n<td width=\"99\" height=\"60\">\n<p align=\"center\"><span style=\"font-family: Verdana; font-size: small;\">3 750<\/span><\/p>\n<\/td>\n<td width=\"92\" height=\"60\">\n<p align=\"center\"><span style=\"font-family: Verdana; font-size: small;\">12 000<\/span><\/p>\n<\/td>\n<td width=\"100\" height=\"60\">\n<p align=\"center\"><span style=\"font-family: Verdana; font-size: small;\">4.1<\/span><\/p>\n<\/td>\n<td align=\"center\" width=\"69\"><\/td>\n<\/tr>\n<tr>\n<td width=\"71\" height=\"54\">\n<p align=\"center\"><span style=\"font-family: Verdana; font-size: small;\">Cubo<\/span><\/p>\n<\/td>\n<td width=\"67\" height=\"54\">\n<p align=\"center\"><span style=\"font-family: Verdana; font-size: small;\">2.2<\/span><\/p>\n<\/td>\n<td width=\"99\" height=\"54\">\n<p align=\"center\"><span style=\"font-family: Verdana; font-size: small;\">5 454<\/span><\/p>\n<\/td>\n<td width=\"92\" height=\"54\">\n<p align=\"center\"><span style=\"font-family: Verdana; font-size: small;\">12 000<\/span><\/p>\n<\/td>\n<td width=\"100\" height=\"54\">\n<p align=\"center\"><span style=\"font-family: Verdana; font-size: small;\">2.6<\/span><\/p>\n<\/td>\n<td align=\"center\" width=\"69\"><\/td>\n<\/tr>\n<\/tbody>\n<\/table>\n<p><\/center><\/div>\n<p align=\"justify\"><span style=\"font-family: Verdana; font-size: small;\">La Tabla 2 muestra que los Core-locs son\u00a0relativamente m\u00e1s grandes y estables\u00a0 que las otras unidades para la misma cantidad de hormig\u00f3n.<\/span><\/p>\n<p align=\"justify\"><span style=\"font-family: Verdana; font-size: small;\">De la misma manera, si todas las unidades (Accropodo, Dolo, Tetr\u00e1podo, Cubo) fueran dise\u00f1adas para soportar alturas de ola de dise\u00f1o similares, el tama\u00f1o de dichas unidades ser\u00e1 mayor que las de unidades de Core-loc, como se presenta en las Tablas 1 y 3.<\/span><\/p>\n<p align=\"justify\"><span style=\"font-family: Verdana; font-size: small;\">Se debe tener en cuenta que influyen muchos factores en el dise\u00f1o final de un rompeolas espec\u00edfico, como por ejemplo la capacidad de planta, accesos, disponibilidad de materiales, condiciones de mar t\u00edpicas que afecten la visibilidad y facilidad de construcci\u00f3n, cota de coronamiento del rompeolas y dise\u00f1o del talud.<\/span><\/p>\n<p align=\"center\">\u00a0\u00a0\u00a0 <span style=\"font-family: Verdana; font-size: small;\">Tabla 3: Comparaci\u00f3n entre unidades de coraza para una altura de ola equivalente. Caso Puerto de St Francis.<\/span><\/p>\n<p align=\"center\">\n<div align=\"center\"><center><\/p>\n<table width=\"583\" border=\"1\" cellspacing=\"0\" cellpadding=\"3\">\n<tbody>\n<tr>\n<td width=\"76\" height=\"23\">\n<p align=\"center\"><span style=\"font-family: Verdana; font-size: small;\">Unidad<\/span><\/p>\n<\/td>\n<td width=\"79\" height=\"23\">\n<p align=\"center\"><span style=\"font-family: Verdana; font-size: small;\">Masa (t)<\/span><\/p>\n<\/td>\n<td width=\"107\" height=\"23\">\n<p align=\"center\"><span style=\"font-family: Verdana; font-size: small;\">Masa Total de hormig\u00f3n (t)<\/span><\/p>\n<\/td>\n<td width=\"102\" height=\"23\">\n<p align=\"center\"><span style=\"font-family: Verdana; font-size: small;\">Masa Total de hormig\u00f3n (%)<\/span><\/p>\n<\/td>\n<td width=\"100\" height=\"23\">\n<p align=\"center\"><span style=\"font-family: Verdana; font-size: small;\">Altura ola de dise\u00f1o (m)<\/span><\/p>\n<\/td>\n<td align=\"center\" width=\"69\"><span style=\"font-family: Verdana; font-size: small;\">Im\u00e1gen 3-D<\/span><\/td>\n<\/tr>\n<tr>\n<td width=\"76\" height=\"23\"><span style=\"font-family: Verdana; font-size: small;\">Core-loc<\/span><\/td>\n<td width=\"79\" height=\"23\">\n<p align=\"center\"><span style=\"font-family: Verdana; font-size: small;\"> 15.0<\/span><\/p>\n<\/td>\n<td width=\"107\" height=\"23\">\n<p align=\"center\"><span style=\"font-family: Verdana; font-size: small;\"> 12 000<\/span><\/p>\n<\/td>\n<td width=\"102\" height=\"23\">\n<p align=\"center\"><span style=\"font-family: Verdana; font-size: small;\"> 100<\/span><\/p>\n<\/td>\n<td width=\"100\" height=\"23\">\n<p align=\"center\"><span style=\"font-family: Verdana; font-size: small;\">7.1<\/span><\/p>\n<\/td>\n<td align=\"center\" width=\"69\"><\/td>\n<\/tr>\n<tr>\n<td width=\"76\" height=\"23\"><span style=\"font-family: Verdana; font-size: small;\">Accropodo<\/span><\/td>\n<td width=\"79\" height=\"23\">\n<p align=\"center\"><span style=\"font-family: Verdana; font-size: small;\"> 20.0<\/span><\/p>\n<\/td>\n<td width=\"107\" height=\"23\">\n<p align=\"center\"><span style=\"font-family: Verdana; font-size: small;\"> 14 400<\/span><\/p>\n<\/td>\n<td width=\"102\" height=\"23\">\n<p align=\"center\"><span style=\"font-family: Verdana; font-size: small;\"> 120<\/span><\/p>\n<\/td>\n<td width=\"100\" height=\"23\">\n<p align=\"center\"><span style=\"font-family: Verdana; font-size: small;\">7.1<\/span><\/p>\n<\/td>\n<td align=\"center\" width=\"69\"><\/td>\n<\/tr>\n<tr>\n<td width=\"76\" height=\"23\"><span style=\"font-family: Verdana; font-size: small;\">Dolos<\/span><\/td>\n<td width=\"79\" height=\"23\">\n<p align=\"center\"><span style=\"font-family: Verdana; font-size: small;\"> 15.0<\/span><\/p>\n<\/td>\n<td width=\"107\" height=\"23\">\n<p align=\"center\"><span style=\"font-family: Verdana; font-size: small;\"> 17 800<\/span><\/p>\n<\/td>\n<td width=\"102\" height=\"23\">\n<p align=\"center\"><span style=\"font-family: Verdana; font-size: small;\"> 148<\/span><\/p>\n<\/td>\n<td width=\"100\" height=\"23\">\n<p align=\"center\"><span style=\"font-family: Verdana; font-size: small;\">7.1<\/span><\/p>\n<\/td>\n<td align=\"center\" width=\"69\"><\/td>\n<\/tr>\n<tr>\n<td width=\"76\" height=\"23\"><span style=\"font-family: Verdana; font-size: small;\">Tetrapodo<\/span><\/td>\n<td width=\"79\" height=\"23\">\n<p align=\"center\"><span style=\"font-family: Verdana; font-size: small;\"> 34.3<\/span><\/p>\n<\/td>\n<td width=\"107\" height=\"23\">\n<p align=\"center\"><span style=\"font-family: Verdana; font-size: small;\"> 29 400<\/span><\/p>\n<\/td>\n<td width=\"102\" height=\"23\">\n<p align=\"center\"><span style=\"font-family: Verdana; font-size: small;\"> 245<\/span><\/p>\n<\/td>\n<td width=\"100\" height=\"23\">\n<p align=\"center\"><span style=\"font-family: Verdana; font-size: small;\">7.1<\/span><\/p>\n<\/td>\n<td align=\"center\" width=\"69\"><\/td>\n<\/tr>\n<tr>\n<td width=\"76\" height=\"23\">\n<p align=\"left\"><span style=\"font-family: Verdana; font-size: small;\">Cubo<\/span><\/p>\n<\/td>\n<td width=\"79\" height=\"23\">\n<p align=\"center\"><span style=\"font-family: Verdana; font-size: small;\"> 34.3<\/span><\/p>\n<\/td>\n<td width=\"107\" height=\"23\">\n<p align=\"center\"><span style=\"font-family: Verdana; font-size: small;\"> 33 000<\/span><\/p>\n<\/td>\n<td width=\"102\" height=\"23\">\n<p align=\"center\"><span style=\"font-family: Verdana; font-size: small;\"> 275<\/span><\/p>\n<\/td>\n<td width=\"100\" height=\"23\">\n<p align=\"center\"><span style=\"font-family: Verdana; font-size: small;\">7.1<\/span><\/p>\n<\/td>\n<td align=\"center\" width=\"69\"><\/td>\n<\/tr>\n<\/tbody>\n<\/table>\n<p><\/center><\/div>\n<p align=\"justify\"><span style=\"font-family: Verdana; font-size: small;\">En la Tabla 3 se presenta el ahorro esperado al utilizar Core-locs. La selecci\u00f3n de coeficientes de estabilidad, \u00e1ngulos del talud y criterios de riesgo de falla pueden influenciar estos c\u00e1lculos, pero el ahorro de costos demostrado reflejan valores t\u00edpicos para fines de dise\u00f1o. <\/span><\/p>\n","protected":false},"excerpt":{"rendered":"<p>Comparaci\u00f3n entre Unidades de Coraza Ventajas Econ\u00f3micas Investigaciones y publicaciones han demostrado que el Core-loc ofrece mejoras en estabilidad sobre\u00a0otras unidades de coraza, permitiendo que una sola capa de unidades cuente con mayor estabilidad y costos menores en muchas aplicaciones. La tabla siguiente indica los costos de varias unidades de coraza relativas al \u00a0Core-loc.\u00a0\u00a0La regal\u00eda [&hellip;]<\/p>\n","protected":false},"author":2,"featured_media":0,"parent":0,"menu_order":5,"comment_status":"closed","ping_status":"closed","template":"","meta":{"footnotes":""},"_links":{"self":[{"href":"https:\/\/core-loc.com\/spanish\/wp-json\/wp\/v2\/pages\/63"}],"collection":[{"href":"https:\/\/core-loc.com\/spanish\/wp-json\/wp\/v2\/pages"}],"about":[{"href":"https:\/\/core-loc.com\/spanish\/wp-json\/wp\/v2\/types\/page"}],"author":[{"embeddable":true,"href":"https:\/\/core-loc.com\/spanish\/wp-json\/wp\/v2\/users\/2"}],"replies":[{"embeddable":true,"href":"https:\/\/core-loc.com\/spanish\/wp-json\/wp\/v2\/comments?post=63"}],"version-history":[{"count":1,"href":"https:\/\/core-loc.com\/spanish\/wp-json\/wp\/v2\/pages\/63\/revisions"}],"predecessor-version":[{"id":103,"href":"https:\/\/core-loc.com\/spanish\/wp-json\/wp\/v2\/pages\/63\/revisions\/103"}],"wp:attachment":[{"href":"https:\/\/core-loc.com\/spanish\/wp-json\/wp\/v2\/media?parent=63"}],"curies":[{"name":"wp","href":"https:\/\/api.w.org\/{rel}","templated":true}]}}