{"id":62,"date":"2013-07-09T13:00:03","date_gmt":"2013-07-09T13:00:03","guid":{"rendered":"http:\/\/core-loc.com\/spanish\/background\/"},"modified":"2013-07-09T14:52:04","modified_gmt":"2013-07-09T14:52:04","slug":"background","status":"publish","type":"page","link":"https:\/\/core-loc.com\/spanish\/background\/","title":{"rendered":"Antecedentes"},"content":{"rendered":"<p><b><span style=\"font-family: Verdana;\">El Core-loc<\/span><\/b> <span style=\"font-family: Verdana; font-size: small;\"><sup>\u00ae<\/sup><\/span><\/p>\n<p align=\"justify\"><span style=\"font-family: Verdana; font-size: small;\"> El Core-Loc es una unidad de coraza de nueva generaci\u00f3n, patentada por el Cuerpo de Ingenieros de los EE.UU. (USCE). Estas unidades se han usado como elementos de coraza desde 1996 y actualmente existen sobre 15 estructuras en el mundo.El desarrollo del Core-loc representa la culminaci\u00f3n de a\u00f1os de investigaci\u00f3n en el laboratorio de investigaciones hidr\u00e1ulicas y costeras (CHL) del USCE.Esta unidad de coraza ha sido desarrollada para producir un uso eficiente del hormig\u00f3n (concreto) con suficiente resistencia y robustez para que la estructura sea altamente estable y econ\u00f3mica.<\/span><\/p>\n<p align=\"center\"><span style=\"font-family: Verdana; font-size: small;\"><img decoding=\"async\" loading=\"lazy\" alt=\"Patio de fraguado de unidades Core-loc. Tacoma,Washington- EE.UU.\" src=\"http:\/\/www.core-loc.com\/img\/corelocs1.jpg\" width=\"300\" height=\"225\" border=\"0\" \/><\/span><\/p>\n<p align=\"justify\"><span style=\"font-family: Verdana; font-size: small;\"> El Core-Loc est\u00e1 disponible en el mundo a trav\u00e9s de una red de cinco (5) licencias internationales exclusivas, que cubren areas geogr\u00e1ficas espec\u00edficas. Los licenciatarios trabajan en forma conjunta con el CHL en la investigaci\u00f3n y desarrollo, asesor\u00eda t\u00e9cnica de proyectos y control de calidad, para apoyar a los usuarios en el uso correcto y apropiado de las unidades. \u00a0 <\/span><\/p>\n<p align=\"justify\"><span style=\"font-family: Verdana; font-size: small;\"> Se carga una regal\u00eda por el uso de las unidades para cubrir la investigaci\u00f3n, desarrollo, y asistencia espec\u00edfica de proyectos en sus etapas de dise\u00f1o y construcci\u00f3n. Este apoyo est\u00e1 disponible para mandantes o due\u00f1os de proyectos, proyectistas y contratistas. <\/span><\/p>\n<p align=\"center\"><img decoding=\"async\" loading=\"lazy\" alt=\"Patio de fraguado de unidades Core-loc. Tacoma,Washington- EE.UU.\" src=\"http:\/\/www.core-loc.com\/img\/unalaska3.jpg\" width=\"300\" height=\"225\" border=\"0\" \/><\/p>\n<p>&nbsp;<\/p>\n","protected":false},"excerpt":{"rendered":"<p>El Core-loc \u00ae El Core-Loc es una unidad de coraza de nueva generaci\u00f3n, patentada por el Cuerpo de Ingenieros de los EE.UU. (USCE). Estas unidades se han usado como elementos de coraza desde 1996 y actualmente existen sobre 15 estructuras en el mundo.El desarrollo del Core-loc representa la culminaci\u00f3n de a\u00f1os de investigaci\u00f3n en el [&hellip;]<\/p>\n","protected":false},"author":2,"featured_media":0,"parent":0,"menu_order":4,"comment_status":"closed","ping_status":"closed","template":"","meta":{"footnotes":""},"_links":{"self":[{"href":"https:\/\/core-loc.com\/spanish\/wp-json\/wp\/v2\/pages\/62"}],"collection":[{"href":"https:\/\/core-loc.com\/spanish\/wp-json\/wp\/v2\/pages"}],"about":[{"href":"https:\/\/core-loc.com\/spanish\/wp-json\/wp\/v2\/types\/page"}],"author":[{"embeddable":true,"href":"https:\/\/core-loc.com\/spanish\/wp-json\/wp\/v2\/users\/2"}],"replies":[{"embeddable":true,"href":"https:\/\/core-loc.com\/spanish\/wp-json\/wp\/v2\/comments?post=62"}],"version-history":[{"count":3,"href":"https:\/\/core-loc.com\/spanish\/wp-json\/wp\/v2\/pages\/62\/revisions"}],"predecessor-version":[{"id":101,"href":"https:\/\/core-loc.com\/spanish\/wp-json\/wp\/v2\/pages\/62\/revisions\/101"}],"wp:attachment":[{"href":"https:\/\/core-loc.com\/spanish\/wp-json\/wp\/v2\/media?parent=62"}],"curies":[{"name":"wp","href":"https:\/\/api.w.org\/{rel}","templated":true}]}}