{"id":61,"date":"2013-07-09T13:00:02","date_gmt":"2013-07-09T13:00:02","guid":{"rendered":"http:\/\/core-loc.com\/spanish\/contact-us\/"},"modified":"2021-04-13T06:46:01","modified_gmt":"2021-04-13T06:46:01","slug":"contact-us","status":"publish","type":"page","link":"https:\/\/core-loc.com\/spanish\/contact-us\/","title":{"rendered":"Contactos"},"content":{"rendered":"<p><span style=\"font-family: Verdana; font-size: small;\">Las firmas y contactos se resumen a continuaci\u00f3n:<br \/>\n<\/span><span style=\"font-family: Verdana; font-size: small;\"><br \/>\n<\/span><\/p>\n<table style=\"width: 101.379%;\" border=\"0\" cellspacing=\"0\" cellpadding=\"0\">\n<tbody>\n<tr>\n<td style=\"width: 101.207%;\" colspan=\"2\" valign=\"top\"><span style=\"font-family: Verdana; font-size: small;\"><b>Prestedge Retief Dresner Wijnberg (Pty) Ltd<\/b><\/span><\/td>\n<\/tr>\n<tr>\n<td style=\"width: 34.4828%;\"><\/td>\n<td style=\"width: 66.7241%;\"><\/td>\n<\/tr>\n<tr>\n<td style=\"width: 34.4828%;\" valign=\"top\"><span style=\"font-family: Verdana; font-size: small;\">P O Box 50023<br \/>\nWaterfront<br \/>\n8002<br \/>\nSouth Africa<br \/>\n<\/span><a style=\"font-family: Verdana; font-size: small; font-weight: inherit;\" href=\"http:\/\/www.prdw.co.za\">www.prdw.com<\/a><\/td>\n<td style=\"width: 66.7241%;\" valign=\"top\"><span style=\"font-family: Verdana; font-size: small;\">Contacto: Gordon Prestedge: <a href=\"mailto:gprestedge@prdw.co.za\">gprestedge@prdw.com<br \/>\n<\/a>Contacto: Andy McClarty: <a href=\"mailto:amcclarty@prdw.co.za\">amcclarty@prdw.com<\/a><br \/>\nTel\u00e9fono: +27 21 418 3830<br \/>\nFax: +27 21 418 3834<\/span><\/td>\n<\/tr>\n<tr>\n<td style=\"width: 34.4828%;\"><\/td>\n<td style=\"width: 66.7241%;\"><\/td>\n<\/tr>\n<tr>\n<td style=\"width: 101.207%;\" colspan=\"2\" rowspan=\"1\"><span style=\"font-family: Verdana; font-size: small;\">Licenciatario para Core-loc EE.UU., M\u00e9xico y Canad\u00e1<br \/>\n<\/span><span style=\"font-family: Verdana; font-size: small;\"><b><\/p>\n<p>Prestedge Retief Dresner Wijnberg USA LLC<br \/>\n<\/b><\/span><\/td>\n<\/tr>\n<tr>\n<td style=\"width: 34.4828%;\"><\/td>\n<td style=\"width: 66.7241%;\"><\/td>\n<\/tr>\n<tr>\n<td style=\"width: 34.4828%;\"><span style=\"font-family: Verdana; font-size: small;\"><em><strong>Seattle:<\/strong><\/em><br \/>\n11130 NE 33rd Place<br \/>\nSuite 102<br \/>\nBellevue, WA 98004<br \/>\nUSA<br \/>\nTel\u00e9fono: +1 425 777 7255<br \/>\n<\/span><\/td>\n<td style=\"width: 66.7241%;\"><span style=\"font-family: Verdana; font-size: small;\">Contacto: Gordon Prestedge: <a href=\"mailto:gprestedge@prdw.co.za\">gprestedge@prdw.com<\/a><br \/>\n<\/span><span style=\"font-family: Verdana; font-size: small;\">Contacto: Luis Chapela: <a href=\"mailto:lchapela@prdw.com\">lchapela@prdw.com<\/a><br \/>\nTel\u00e9fono: + +507 310 0845<br \/>\nCell: + 507 6256 5181<\/span><\/td>\n<\/tr>\n<tr>\n<td style=\"width: 34.4828%;\"><\/td>\n<td style=\"width: 66.7241%;\"><\/td>\n<\/tr>\n<tr>\n<td style=\"width: 34.4828%;\"><span style=\"font-family: Verdana; font-size: small;\"><em><strong>Cape Town:<\/strong><\/em><br \/>\n<\/span><span style=\"font-family: Verdana; font-size: small;\"><span style=\"font-family: Verdana; font-size: small;\">5th Floor, Safmarine Quay<br \/>\nClock Tower Precinct<br \/>\nVictoria and Alfred Waterfront<br \/>\nCape Town<br \/>\nSouth Africa<br \/>\nC\u00f3digo Postal:<br \/>\nP O Box 50023<br \/>\nWaterfront<br \/>\n8002<br \/>\nSouth Africa<br \/>\nTel\u00e9fono: + 27 21 418 3830<br \/>\nFax: + 24 21 418 3834<br \/>\n<\/span><\/span><span style=\"font-family: Verdana; font-size: small;\"><a href=\"http:\/\/www.prdw.co.za\/\">www.prdw.com<\/a><\/span><\/td>\n<td style=\"width: 66.7241%;\"><span style=\"font-family: Verdana; font-size: small;\">Contacto: Gordon Prestedge: <a href=\"mailto:gprestedge@prdw.co.za\">gprestedge@prdw.com<\/a><br \/>\n<\/span><span style=\"font-family: Verdana; font-size: small;\">Contacto: Anton Holtzhausen: <a href=\"mailto:aholtzhausen@prdw.co.za\">aholtzhausen@prdw.com<\/a><br \/>\nContacto: Andy McClarty: <a href=\"mailto:amcclarty@prdw.co.za\">amcclarty@prdw.com<\/a><br \/>\nTel\u00e9fono: + 27 21 418 3830<br \/>\nCell: + 27 82 558 5828<\/span><\/td>\n<\/tr>\n<tr>\n<td style=\"width: 34.4828%;\"><\/td>\n<td style=\"width: 66.7241%;\"><\/td>\n<\/tr>\n<tr>\n<td style=\"width: 101.207%;\" colspan=\"2\" valign=\"top\"><\/td>\n<\/tr>\n<tr>\n<td style=\"width: 34.4828%;\"><\/td>\n<td style=\"width: 66.7241%;\"><\/td>\n<\/tr>\n<tr>\n<td style=\"width: 34.4828%;\" valign=\"top\"><\/td>\n<td style=\"width: 66.7241%;\" valign=\"top\"><\/td>\n<\/tr>\n<\/tbody>\n<\/table>\n","protected":false},"excerpt":{"rendered":"<p>Las firmas y contactos se resumen a continuaci\u00f3n: Prestedge Retief Dresner Wijnberg (Pty) Ltd P O Box 50023 Waterfront 8002 South Africa www.prdw.com Contacto: Gordon Prestedge: gprestedge@prdw.com Contacto: Andy McClarty: amcclarty@prdw.com Tel\u00e9fono: +27 21 418 3830 Fax: +27 21 418 3834 Licenciatario para Core-loc EE.UU., M\u00e9xico y Canad\u00e1 Prestedge Retief Dresner Wijnberg USA LLC Seattle: [&hellip;]<\/p>\n","protected":false},"author":2,"featured_media":0,"parent":0,"menu_order":3,"comment_status":"closed","ping_status":"closed","template":"","meta":{"footnotes":""},"_links":{"self":[{"href":"https:\/\/core-loc.com\/spanish\/wp-json\/wp\/v2\/pages\/61"}],"collection":[{"href":"https:\/\/core-loc.com\/spanish\/wp-json\/wp\/v2\/pages"}],"about":[{"href":"https:\/\/core-loc.com\/spanish\/wp-json\/wp\/v2\/types\/page"}],"author":[{"embeddable":true,"href":"https:\/\/core-loc.com\/spanish\/wp-json\/wp\/v2\/users\/2"}],"replies":[{"embeddable":true,"href":"https:\/\/core-loc.com\/spanish\/wp-json\/wp\/v2\/comments?post=61"}],"version-history":[{"count":12,"href":"https:\/\/core-loc.com\/spanish\/wp-json\/wp\/v2\/pages\/61\/revisions"}],"predecessor-version":[{"id":185,"href":"https:\/\/core-loc.com\/spanish\/wp-json\/wp\/v2\/pages\/61\/revisions\/185"}],"wp:attachment":[{"href":"https:\/\/core-loc.com\/spanish\/wp-json\/wp\/v2\/media?parent=61"}],"curies":[{"name":"wp","href":"https:\/\/api.w.org\/{rel}","templated":true}]}}