{"id":60,"date":"2013-07-09T13:00:01","date_gmt":"2013-07-09T13:00:01","guid":{"rendered":"http:\/\/core-loc.com\/spanish\/about\/"},"modified":"2020-07-07T05:37:40","modified_gmt":"2020-07-07T05:37:40","slug":"acerca_d","status":"publish","type":"page","link":"https:\/\/core-loc.com\/spanish\/acerca_d\/","title":{"rendered":"Acerca de"},"content":{"rendered":"<p><span style=\"font-family: Verdana; font-size: small;\"><b>Core-loc North America<\/b> <\/span><\/p>\n<p><span style=\"font-family: Verdana; font-size: small;\"><b>Licenciatario para los EE.UU., M\u00e9xico y Canad\u00e1<\/b> <\/span><\/p>\n<p><span style=\"font-family: Verdana; font-size: small;\">El licenciatario para los EE.UU., M\u00e9xico y Canad\u00e1 es <b>Prestedge Retief Dresner Wijnberg USA LLC (PRDW)<\/b> de Seattle Washington, EE.UU., que opera con el nombre comercial de <b>Core-loc North America (CLNA)<\/b>. PRDW es una firma internacional de ingenieros consultores de ingenier\u00eda mar\u00edtima y costera con oficinas en Ciudad del Cabo-Sud\u00e1frica, Seattle-EE.UU. y Santiago de Chile. <\/span><\/p>\n<p><span style=\"font-family: Verdana; font-size: small;\">Adem\u00e1s PRDW es el licenciatario de Core-loc para regiones de Africa, operando como Core-loc Africa (Pty) Ltd.\u00a0<\/span><\/p>\n","protected":false},"excerpt":{"rendered":"<p>Core-loc North America Licenciatario para los EE.UU., M\u00e9xico y Canad\u00e1 El licenciatario para los EE.UU., M\u00e9xico y Canad\u00e1 es Prestedge Retief Dresner Wijnberg USA LLC (PRDW) de Seattle Washington, EE.UU., que opera con el nombre comercial de Core-loc North America (CLNA). PRDW es una firma internacional de ingenieros consultores de ingenier\u00eda mar\u00edtima y costera con [&hellip;]<\/p>\n","protected":false},"author":2,"featured_media":0,"parent":0,"menu_order":2,"comment_status":"closed","ping_status":"closed","template":"","meta":{"footnotes":""},"_links":{"self":[{"href":"https:\/\/core-loc.com\/spanish\/wp-json\/wp\/v2\/pages\/60"}],"collection":[{"href":"https:\/\/core-loc.com\/spanish\/wp-json\/wp\/v2\/pages"}],"about":[{"href":"https:\/\/core-loc.com\/spanish\/wp-json\/wp\/v2\/types\/page"}],"author":[{"embeddable":true,"href":"https:\/\/core-loc.com\/spanish\/wp-json\/wp\/v2\/users\/2"}],"replies":[{"embeddable":true,"href":"https:\/\/core-loc.com\/spanish\/wp-json\/wp\/v2\/comments?post=60"}],"version-history":[{"count":5,"href":"https:\/\/core-loc.com\/spanish\/wp-json\/wp\/v2\/pages\/60\/revisions"}],"predecessor-version":[{"id":161,"href":"https:\/\/core-loc.com\/spanish\/wp-json\/wp\/v2\/pages\/60\/revisions\/161"}],"wp:attachment":[{"href":"https:\/\/core-loc.com\/spanish\/wp-json\/wp\/v2\/media?parent=60"}],"curies":[{"name":"wp","href":"https:\/\/api.w.org\/{rel}","templated":true}]}}