{"id":59,"date":"2013-07-09T13:00:00","date_gmt":"2013-07-09T13:00:00","guid":{"rendered":"http:\/\/core-loc.com\/spanish\/index\/"},"modified":"2013-07-09T14:51:32","modified_gmt":"2013-07-09T14:51:32","slug":"index","status":"publish","type":"page","link":"https:\/\/core-loc.com\/spanish\/index\/","title":{"rendered":"Inicio"},"content":{"rendered":"<p><img decoding=\"async\" loading=\"lazy\" class=\"art-lightbox\" style=\"float: right;\" alt=\"\" src=\"https:\/\/core-loc.com\/spanish\/wp-content\/uploads\/2013\/07\/unalaska1.jpg\" width=\"300\" height=\"192\" \/><span style=\"font-family: Verdana; font-size: 13px;\"><span style=\"font-family: Verdana; font-size: small;\">Bienvenido al sitio web de Core-loc North America.<\/span><\/span><\/p>\n<p><span style=\"font-family: Verdana; font-size: small;\">El Core-loc es una unidad prefabricada de hormig\u00f3n utilizada como elementos de coraza para rompeolas y protecciones costeras.<\/span><\/p>\n<p><span style=\"font-family: Verdana; font-size: small;\">Este sitio proporciona informaci\u00f3n sobre el uso y dise\u00f1o de estructuras con unidades Core-loc.<\/span><\/p>\n<p><span style=\"font-family: Verdana; font-size: small;\">Se han inclu\u00eddo ayudas para un dise\u00f1o interactivo en &#8220;C\u00e1lculos y Dise\u00f1o&#8221;, que permiten un dise\u00f1o preliminar del tama\u00f1o y cantidad de unidades requeridas.<\/span><\/p>\n<p>&nbsp;<\/p>\n<p style=\"text-align: left;\"><span style=\"font-weight: bold;\">\u00a0<a href=\"https:\/\/core-loc.com\/spanish\/wp-content\/uploads\/2013\/07\/can.gif\"><img decoding=\"async\" loading=\"lazy\" alt=\"can\" src=\"https:\/\/core-loc.com\/spanish\/wp-content\/uploads\/2013\/07\/can.gif\" width=\"31\" height=\"15\" \/><\/a> <a href=\"https:\/\/core-loc.com\/spanish\/wp-content\/uploads\/2013\/07\/us.gif\"><img decoding=\"async\" loading=\"lazy\" alt=\"us\" src=\"https:\/\/core-loc.com\/spanish\/wp-content\/uploads\/2013\/07\/us.gif\" width=\"30\" height=\"15\" \/><\/a>\u00a0 <a href=\"http:\/\/core-loc.com\">English<\/a><\/span><\/p>\n<p><b>\u00a0<\/b><\/p>\n<h1 style=\"text-align: right;\"><\/h1>\n<p>&nbsp;<\/p>\n","protected":false},"excerpt":{"rendered":"<p>Bienvenido al sitio web de Core-loc North America. El Core-loc es una unidad prefabricada de hormig\u00f3n utilizada como elementos de coraza para rompeolas y protecciones costeras. Este sitio proporciona informaci\u00f3n sobre el uso y dise\u00f1o de estructuras con unidades Core-loc. Se han inclu\u00eddo ayudas para un dise\u00f1o interactivo en &#8220;C\u00e1lculos y Dise\u00f1o&#8221;, que permiten un [&hellip;]<\/p>\n","protected":false},"author":2,"featured_media":0,"parent":0,"menu_order":1,"comment_status":"closed","ping_status":"closed","template":"","meta":{"footnotes":""},"_links":{"self":[{"href":"https:\/\/core-loc.com\/spanish\/wp-json\/wp\/v2\/pages\/59"}],"collection":[{"href":"https:\/\/core-loc.com\/spanish\/wp-json\/wp\/v2\/pages"}],"about":[{"href":"https:\/\/core-loc.com\/spanish\/wp-json\/wp\/v2\/types\/page"}],"author":[{"embeddable":true,"href":"https:\/\/core-loc.com\/spanish\/wp-json\/wp\/v2\/users\/2"}],"replies":[{"embeddable":true,"href":"https:\/\/core-loc.com\/spanish\/wp-json\/wp\/v2\/comments?post=59"}],"version-history":[{"count":6,"href":"https:\/\/core-loc.com\/spanish\/wp-json\/wp\/v2\/pages\/59\/revisions"}],"predecessor-version":[{"id":142,"href":"https:\/\/core-loc.com\/spanish\/wp-json\/wp\/v2\/pages\/59\/revisions\/142"}],"wp:attachment":[{"href":"https:\/\/core-loc.com\/spanish\/wp-json\/wp\/v2\/media?parent=59"}],"curies":[{"name":"wp","href":"https:\/\/api.w.org\/{rel}","templated":true}]}}